{"id":3656,"date":"2019-03-21T11:19:21","date_gmt":"2019-03-21T10:19:21","guid":{"rendered":"https:\/\/www.valgo.com\/?page_id=3656"},"modified":"2025-12-23T10:57:58","modified_gmt":"2025-12-23T09:57:58","slug":"descontaminacao-do-solo","status":"publish","type":"page","link":"https:\/\/www.valgo.com\/pt-pt\/descontaminacao-do-solo\/","title":{"rendered":"VALGO, especialistas em recupera\u00e7\u00e3o de solos"},"content":{"rendered":"","protected":false},"excerpt":{"rendered":"","protected":false},"author":12,"featured_media":13805,"parent":0,"menu_order":0,"comment_status":"closed","ping_status":"closed","template":"","meta":{"_acf_changed":false,"footnotes":""},"class_list":["post-3656","page","type-page","status-publish","has-post-thumbnail","hentry"],"acf":[],"yoast_head":"<!-- This site is optimized with the Yoast SEO plugin v26.6 - https:\/\/yoast.com\/wordpress\/plugins\/seo\/ -->\n<title>Descubra as nossas t\u00e9cnicas de remedia\u00e7\u00e3o de solos | VALGO<\/title>\n<meta name=\"description\" content=\"A VALGO oferece-lhe t\u00e9cnicas inovadoras de remedia\u00e7\u00e3o de solos gra\u00e7as ao seu laborat\u00f3rio interno de I&amp;D. Venha conhecer os nossos m\u00e9todos e know-how.\" \/>\n<meta name=\"robots\" content=\"index, follow, max-snippet:-1, max-image-preview:large, max-video-preview:-1\" \/>\n<link rel=\"canonical\" href=\"https:\/\/www.valgo.com\/pt-pt\/descontaminacao-do-solo\/\" \/>\n<meta property=\"og:locale\" content=\"pt_PT\" \/>\n<meta property=\"og:type\" content=\"article\" \/>\n<meta property=\"og:title\" content=\"Descubra as nossas t\u00e9cnicas de remedia\u00e7\u00e3o de solos | VALGO\" \/>\n<meta property=\"og:description\" content=\"A VALGO oferece-lhe t\u00e9cnicas inovadoras de remedia\u00e7\u00e3o de solos gra\u00e7as ao seu laborat\u00f3rio interno de I&amp;D. Venha conhecer os nossos m\u00e9todos e know-how.\" \/>\n<meta property=\"og:url\" content=\"https:\/\/www.valgo.com\/pt-pt\/descontaminacao-do-solo\/\" \/>\n<meta property=\"og:site_name\" content=\"Valgo\" \/>\n<meta property=\"article:modified_time\" content=\"2025-12-23T09:57:58+00:00\" \/>\n<meta property=\"og:image\" content=\"https:\/\/www.valgo.com\/wp-content\/uploads\/2025\/07\/depollution.jpg\" \/>\n\t<meta property=\"og:image:width\" content=\"1280\" \/>\n\t<meta property=\"og:image:height\" content=\"750\" \/>\n\t<meta property=\"og:image:type\" content=\"image\/jpeg\" \/>\n<meta name=\"twitter:card\" content=\"summary_large_image\" \/>\n<script type=\"application\/ld+json\" class=\"yoast-schema-graph\">{\"@context\":\"https:\/\/schema.org\",\"@graph\":[{\"@type\":\"WebPage\",\"@id\":\"https:\/\/www.valgo.com\/pt-pt\/descontaminacao-do-solo\/\",\"url\":\"https:\/\/www.valgo.com\/pt-pt\/descontaminacao-do-solo\/\",\"name\":\"Descubra as nossas t\u00e9cnicas de remedia\u00e7\u00e3o de solos | VALGO\",\"isPartOf\":{\"@id\":\"https:\/\/www.valgo.com\/#website\"},\"primaryImageOfPage\":{\"@id\":\"https:\/\/www.valgo.com\/pt-pt\/descontaminacao-do-solo\/#primaryimage\"},\"image\":{\"@id\":\"https:\/\/www.valgo.com\/pt-pt\/descontaminacao-do-solo\/#primaryimage\"},\"thumbnailUrl\":\"https:\/\/www.valgo.com\/wp-content\/uploads\/2025\/07\/depollution.jpg\",\"datePublished\":\"2019-03-21T10:19:21+00:00\",\"dateModified\":\"2025-12-23T09:57:58+00:00\",\"description\":\"A VALGO oferece-lhe t\u00e9cnicas inovadoras de remedia\u00e7\u00e3o de solos gra\u00e7as ao seu laborat\u00f3rio interno de I&D. Venha conhecer os nossos m\u00e9todos e know-how.\",\"breadcrumb\":{\"@id\":\"https:\/\/www.valgo.com\/pt-pt\/descontaminacao-do-solo\/#breadcrumb\"},\"inLanguage\":\"pt-PT\",\"potentialAction\":[{\"@type\":\"ReadAction\",\"target\":[\"https:\/\/www.valgo.com\/pt-pt\/descontaminacao-do-solo\/\"]}]},{\"@type\":\"ImageObject\",\"inLanguage\":\"pt-PT\",\"@id\":\"https:\/\/www.valgo.com\/pt-pt\/descontaminacao-do-solo\/#primaryimage\",\"url\":\"https:\/\/www.valgo.com\/wp-content\/uploads\/2025\/07\/depollution.jpg\",\"contentUrl\":\"https:\/\/www.valgo.com\/wp-content\/uploads\/2025\/07\/depollution.jpg\",\"width\":1280,\"height\":750,\"caption\":\"Techniques de d\u00e9pollution des sols\"},{\"@type\":\"BreadcrumbList\",\"@id\":\"https:\/\/www.valgo.com\/pt-pt\/descontaminacao-do-solo\/#breadcrumb\",\"itemListElement\":[{\"@type\":\"ListItem\",\"position\":1,\"name\":\"Home\",\"item\":\"https:\/\/www.valgo.com\/pt-pt\/\"},{\"@type\":\"ListItem\",\"position\":2,\"name\":\"VALGO, especialistas em recupera\u00e7\u00e3o de solos\"}]},{\"@type\":\"WebSite\",\"@id\":\"https:\/\/www.valgo.com\/#website\",\"url\":\"https:\/\/www.valgo.com\/\",\"name\":\"Valgo\",\"description\":\"VALGO est une entreprise fran\u00e7aise sp\u00e9cialis\u00e9e dans le d\u00e9samiantage, d\u00e9construction et d\u00e9pollution de sites industriels\",\"potentialAction\":[{\"@type\":\"SearchAction\",\"target\":{\"@type\":\"EntryPoint\",\"urlTemplate\":\"https:\/\/www.valgo.com\/?s={search_term_string}\"},\"query-input\":{\"@type\":\"PropertyValueSpecification\",\"valueRequired\":true,\"valueName\":\"search_term_string\"}}],\"inLanguage\":\"pt-PT\"}]}<\/script>\n<!-- \/ Yoast SEO plugin. -->","yoast_head_json":{"title":"Descubra as nossas t\u00e9cnicas de remedia\u00e7\u00e3o de solos | VALGO","description":"A VALGO oferece-lhe t\u00e9cnicas inovadoras de remedia\u00e7\u00e3o de solos gra\u00e7as ao seu laborat\u00f3rio interno de I&D. Venha conhecer os nossos m\u00e9todos e know-how.","robots":{"index":"index","follow":"follow","max-snippet":"max-snippet:-1","max-image-preview":"max-image-preview:large","max-video-preview":"max-video-preview:-1"},"canonical":"https:\/\/www.valgo.com\/pt-pt\/descontaminacao-do-solo\/","og_locale":"pt_PT","og_type":"article","og_title":"Descubra as nossas t\u00e9cnicas de remedia\u00e7\u00e3o de solos | VALGO","og_description":"A VALGO oferece-lhe t\u00e9cnicas inovadoras de remedia\u00e7\u00e3o de solos gra\u00e7as ao seu laborat\u00f3rio interno de I&D. Venha conhecer os nossos m\u00e9todos e know-how.","og_url":"https:\/\/www.valgo.com\/pt-pt\/descontaminacao-do-solo\/","og_site_name":"Valgo","article_modified_time":"2025-12-23T09:57:58+00:00","og_image":[{"width":1280,"height":750,"url":"https:\/\/www.valgo.com\/wp-content\/uploads\/2025\/07\/depollution.jpg","type":"image\/jpeg"}],"twitter_card":"summary_large_image","schema":{"@context":"https:\/\/schema.org","@graph":[{"@type":"WebPage","@id":"https:\/\/www.valgo.com\/pt-pt\/descontaminacao-do-solo\/","url":"https:\/\/www.valgo.com\/pt-pt\/descontaminacao-do-solo\/","name":"Descubra as nossas t\u00e9cnicas de remedia\u00e7\u00e3o de solos | VALGO","isPartOf":{"@id":"https:\/\/www.valgo.com\/#website"},"primaryImageOfPage":{"@id":"https:\/\/www.valgo.com\/pt-pt\/descontaminacao-do-solo\/#primaryimage"},"image":{"@id":"https:\/\/www.valgo.com\/pt-pt\/descontaminacao-do-solo\/#primaryimage"},"thumbnailUrl":"https:\/\/www.valgo.com\/wp-content\/uploads\/2025\/07\/depollution.jpg","datePublished":"2019-03-21T10:19:21+00:00","dateModified":"2025-12-23T09:57:58+00:00","description":"A VALGO oferece-lhe t\u00e9cnicas inovadoras de remedia\u00e7\u00e3o de solos gra\u00e7as ao seu laborat\u00f3rio interno de I&D. Venha conhecer os nossos m\u00e9todos e know-how.","breadcrumb":{"@id":"https:\/\/www.valgo.com\/pt-pt\/descontaminacao-do-solo\/#breadcrumb"},"inLanguage":"pt-PT","potentialAction":[{"@type":"ReadAction","target":["https:\/\/www.valgo.com\/pt-pt\/descontaminacao-do-solo\/"]}]},{"@type":"ImageObject","inLanguage":"pt-PT","@id":"https:\/\/www.valgo.com\/pt-pt\/descontaminacao-do-solo\/#primaryimage","url":"https:\/\/www.valgo.com\/wp-content\/uploads\/2025\/07\/depollution.jpg","contentUrl":"https:\/\/www.valgo.com\/wp-content\/uploads\/2025\/07\/depollution.jpg","width":1280,"height":750,"caption":"Techniques de d\u00e9pollution des sols"},{"@type":"BreadcrumbList","@id":"https:\/\/www.valgo.com\/pt-pt\/descontaminacao-do-solo\/#breadcrumb","itemListElement":[{"@type":"ListItem","position":1,"name":"Home","item":"https:\/\/www.valgo.com\/pt-pt\/"},{"@type":"ListItem","position":2,"name":"VALGO, especialistas em recupera\u00e7\u00e3o de solos"}]},{"@type":"WebSite","@id":"https:\/\/www.valgo.com\/#website","url":"https:\/\/www.valgo.com\/","name":"Valgo","description":"VALGO est une entreprise fran\u00e7aise sp\u00e9cialis\u00e9e dans le d\u00e9samiantage, d\u00e9construction et d\u00e9pollution de sites industriels","potentialAction":[{"@type":"SearchAction","target":{"@type":"EntryPoint","urlTemplate":"https:\/\/www.valgo.com\/?s={search_term_string}"},"query-input":{"@type":"PropertyValueSpecification","valueRequired":true,"valueName":"search_term_string"}}],"inLanguage":"pt-PT"}]}},"_links":{"self":[{"href":"https:\/\/www.valgo.com\/pt-pt\/wp-json\/wp\/v2\/pages\/3656","targetHints":{"allow":["GET"]}}],"collection":[{"href":"https:\/\/www.valgo.com\/pt-pt\/wp-json\/wp\/v2\/pages"}],"about":[{"href":"https:\/\/www.valgo.com\/pt-pt\/wp-json\/wp\/v2\/types\/page"}],"author":[{"embeddable":true,"href":"https:\/\/www.valgo.com\/pt-pt\/wp-json\/wp\/v2\/users\/12"}],"replies":[{"embeddable":true,"href":"https:\/\/www.valgo.com\/pt-pt\/wp-json\/wp\/v2\/comments?post=3656"}],"version-history":[{"count":5,"href":"https:\/\/www.valgo.com\/pt-pt\/wp-json\/wp\/v2\/pages\/3656\/revisions"}],"predecessor-version":[{"id":14585,"href":"https:\/\/www.valgo.com\/pt-pt\/wp-json\/wp\/v2\/pages\/3656\/revisions\/14585"}],"wp:featuredmedia":[{"embeddable":true,"href":"https:\/\/www.valgo.com\/pt-pt\/wp-json\/wp\/v2\/media\/13805"}],"wp:attachment":[{"href":"https:\/\/www.valgo.com\/pt-pt\/wp-json\/wp\/v2\/media?parent=3656"}],"curies":[{"name":"wp","href":"https:\/\/api.w.org\/{rel}","templated":true}]}}