{"id":1726,"date":"2019-01-02T15:01:33","date_gmt":"2019-01-02T14:01:33","guid":{"rendered":"https:\/\/www.valgo.com\/?page_id=1726"},"modified":"2025-12-23T11:35:01","modified_gmt":"2025-12-23T10:35:01","slug":"fale-conosco","status":"publish","type":"page","link":"https:\/\/www.valgo.com\/pt-pt\/fale-conosco\/","title":{"rendered":"Fale conosco"},"content":{"rendered":"","protected":false},"excerpt":{"rendered":"","protected":false},"author":20,"featured_media":0,"parent":0,"menu_order":0,"comment_status":"closed","ping_status":"closed","template":"tpl-contact.php","meta":{"_acf_changed":false,"footnotes":""},"class_list":["post-1726","page","type-page","status-publish","hentry"],"acf":[],"yoast_head":"<!-- This site is optimized with the Yoast SEO plugin v26.6 - https:\/\/yoast.com\/wordpress\/plugins\/seo\/ -->\n<title>Contacte-nos - VALGO<\/title>\n<meta name=\"description\" content=\"N\u00e3o hesite em nos contactar para obter informa\u00e7\u00f5es adicionais sobre remo\u00e7\u00e3o de amianto e remedia\u00e7\u00e3o do solo\" \/>\n<meta name=\"robots\" content=\"index, follow, max-snippet:-1, max-image-preview:large, max-video-preview:-1\" \/>\n<link rel=\"canonical\" href=\"https:\/\/www.valgo.com\/pt-pt\/fale-conosco\/\" \/>\n<meta property=\"og:locale\" content=\"pt_PT\" \/>\n<meta property=\"og:type\" content=\"article\" \/>\n<meta property=\"og:title\" content=\"Contacte-nos - VALGO\" \/>\n<meta property=\"og:description\" content=\"N\u00e3o hesite em nos contactar para obter informa\u00e7\u00f5es adicionais sobre remo\u00e7\u00e3o de amianto e remedia\u00e7\u00e3o do solo\" \/>\n<meta property=\"og:url\" content=\"https:\/\/www.valgo.com\/pt-pt\/fale-conosco\/\" \/>\n<meta property=\"og:site_name\" content=\"Valgo\" \/>\n<meta property=\"article:modified_time\" content=\"2025-12-23T10:35:01+00:00\" \/>\n<meta name=\"twitter:card\" content=\"summary_large_image\" \/>\n<script type=\"application\/ld+json\" class=\"yoast-schema-graph\">{\"@context\":\"https:\/\/schema.org\",\"@graph\":[{\"@type\":\"WebPage\",\"@id\":\"https:\/\/www.valgo.com\/pt-pt\/fale-conosco\/\",\"url\":\"https:\/\/www.valgo.com\/pt-pt\/fale-conosco\/\",\"name\":\"Contacte-nos - VALGO\",\"isPartOf\":{\"@id\":\"https:\/\/www.valgo.com\/#website\"},\"datePublished\":\"2019-01-02T14:01:33+00:00\",\"dateModified\":\"2025-12-23T10:35:01+00:00\",\"description\":\"N\u00e3o hesite em nos contactar para obter informa\u00e7\u00f5es adicionais sobre remo\u00e7\u00e3o de amianto e remedia\u00e7\u00e3o do solo\",\"breadcrumb\":{\"@id\":\"https:\/\/www.valgo.com\/pt-pt\/fale-conosco\/#breadcrumb\"},\"inLanguage\":\"pt-PT\",\"potentialAction\":[{\"@type\":\"ReadAction\",\"target\":[\"https:\/\/www.valgo.com\/pt-pt\/fale-conosco\/\"]}]},{\"@type\":\"BreadcrumbList\",\"@id\":\"https:\/\/www.valgo.com\/pt-pt\/fale-conosco\/#breadcrumb\",\"itemListElement\":[{\"@type\":\"ListItem\",\"position\":1,\"name\":\"Home\",\"item\":\"https:\/\/www.valgo.com\/pt-pt\/\"},{\"@type\":\"ListItem\",\"position\":2,\"name\":\"Fale conosco\"}]},{\"@type\":\"WebSite\",\"@id\":\"https:\/\/www.valgo.com\/#website\",\"url\":\"https:\/\/www.valgo.com\/\",\"name\":\"Valgo\",\"description\":\"VALGO est une entreprise fran\u00e7aise sp\u00e9cialis\u00e9e dans le d\u00e9samiantage, d\u00e9construction et d\u00e9pollution de sites industriels\",\"potentialAction\":[{\"@type\":\"SearchAction\",\"target\":{\"@type\":\"EntryPoint\",\"urlTemplate\":\"https:\/\/www.valgo.com\/?s={search_term_string}\"},\"query-input\":{\"@type\":\"PropertyValueSpecification\",\"valueRequired\":true,\"valueName\":\"search_term_string\"}}],\"inLanguage\":\"pt-PT\"}]}<\/script>\n<!-- \/ Yoast SEO plugin. -->","yoast_head_json":{"title":"Contacte-nos - VALGO","description":"N\u00e3o hesite em nos contactar para obter informa\u00e7\u00f5es adicionais sobre remo\u00e7\u00e3o de amianto e remedia\u00e7\u00e3o do solo","robots":{"index":"index","follow":"follow","max-snippet":"max-snippet:-1","max-image-preview":"max-image-preview:large","max-video-preview":"max-video-preview:-1"},"canonical":"https:\/\/www.valgo.com\/pt-pt\/fale-conosco\/","og_locale":"pt_PT","og_type":"article","og_title":"Contacte-nos - VALGO","og_description":"N\u00e3o hesite em nos contactar para obter informa\u00e7\u00f5es adicionais sobre remo\u00e7\u00e3o de amianto e remedia\u00e7\u00e3o do solo","og_url":"https:\/\/www.valgo.com\/pt-pt\/fale-conosco\/","og_site_name":"Valgo","article_modified_time":"2025-12-23T10:35:01+00:00","twitter_card":"summary_large_image","schema":{"@context":"https:\/\/schema.org","@graph":[{"@type":"WebPage","@id":"https:\/\/www.valgo.com\/pt-pt\/fale-conosco\/","url":"https:\/\/www.valgo.com\/pt-pt\/fale-conosco\/","name":"Contacte-nos - VALGO","isPartOf":{"@id":"https:\/\/www.valgo.com\/#website"},"datePublished":"2019-01-02T14:01:33+00:00","dateModified":"2025-12-23T10:35:01+00:00","description":"N\u00e3o hesite em nos contactar para obter informa\u00e7\u00f5es adicionais sobre remo\u00e7\u00e3o de amianto e remedia\u00e7\u00e3o do solo","breadcrumb":{"@id":"https:\/\/www.valgo.com\/pt-pt\/fale-conosco\/#breadcrumb"},"inLanguage":"pt-PT","potentialAction":[{"@type":"ReadAction","target":["https:\/\/www.valgo.com\/pt-pt\/fale-conosco\/"]}]},{"@type":"BreadcrumbList","@id":"https:\/\/www.valgo.com\/pt-pt\/fale-conosco\/#breadcrumb","itemListElement":[{"@type":"ListItem","position":1,"name":"Home","item":"https:\/\/www.valgo.com\/pt-pt\/"},{"@type":"ListItem","position":2,"name":"Fale conosco"}]},{"@type":"WebSite","@id":"https:\/\/www.valgo.com\/#website","url":"https:\/\/www.valgo.com\/","name":"Valgo","description":"VALGO est une entreprise fran\u00e7aise sp\u00e9cialis\u00e9e dans le d\u00e9samiantage, d\u00e9construction et d\u00e9pollution de sites industriels","potentialAction":[{"@type":"SearchAction","target":{"@type":"EntryPoint","urlTemplate":"https:\/\/www.valgo.com\/?s={search_term_string}"},"query-input":{"@type":"PropertyValueSpecification","valueRequired":true,"valueName":"search_term_string"}}],"inLanguage":"pt-PT"}]}},"_links":{"self":[{"href":"https:\/\/www.valgo.com\/pt-pt\/wp-json\/wp\/v2\/pages\/1726","targetHints":{"allow":["GET"]}}],"collection":[{"href":"https:\/\/www.valgo.com\/pt-pt\/wp-json\/wp\/v2\/pages"}],"about":[{"href":"https:\/\/www.valgo.com\/pt-pt\/wp-json\/wp\/v2\/types\/page"}],"author":[{"embeddable":true,"href":"https:\/\/www.valgo.com\/pt-pt\/wp-json\/wp\/v2\/users\/20"}],"replies":[{"embeddable":true,"href":"https:\/\/www.valgo.com\/pt-pt\/wp-json\/wp\/v2\/comments?post=1726"}],"version-history":[{"count":11,"href":"https:\/\/www.valgo.com\/pt-pt\/wp-json\/wp\/v2\/pages\/1726\/revisions"}],"predecessor-version":[{"id":14589,"href":"https:\/\/www.valgo.com\/pt-pt\/wp-json\/wp\/v2\/pages\/1726\/revisions\/14589"}],"wp:attachment":[{"href":"https:\/\/www.valgo.com\/pt-pt\/wp-json\/wp\/v2\/media?parent=1726"}],"curies":[{"name":"wp","href":"https:\/\/api.w.org\/{rel}","templated":true}]}}