{"id":14648,"date":"2025-12-26T10:52:18","date_gmt":"2025-12-26T09:52:18","guid":{"rendered":"https:\/\/www.valgo.com\/?page_id=14648"},"modified":"2025-12-26T15:03:43","modified_gmt":"2025-12-26T14:03:43","slug":"rse-e-desempenho","status":"publish","type":"page","link":"https:\/\/www.valgo.com\/pt-pt\/rse-e-desempenho\/","title":{"rendered":"RSE e desempenho"},"content":{"rendered":"","protected":false},"excerpt":{"rendered":"","protected":false},"author":22,"featured_media":14613,"parent":0,"menu_order":0,"comment_status":"closed","ping_status":"closed","template":"tpl-ethique.php","meta":{"_acf_changed":false,"footnotes":""},"class_list":["post-14648","page","type-page","status-publish","has-post-thumbnail","hentry"],"acf":[],"yoast_head":"<!-- This site is optimized with the Yoast SEO plugin v26.6 - https:\/\/yoast.com\/wordpress\/plugins\/seo\/ -->\n<title>Responsabilidade Social Corporativa e desempenho | VALGO<\/title>\n<meta name=\"description\" content=\"Descubra a estrat\u00e9gia de RSC (Responsabilidade Social Corporativa) do Grupo VALGO: inova\u00e7\u00e3o, impacto ambiental, ra\u00edzes locais e compromisso sustent\u00e1vel com os colaboradores.\" \/>\n<meta name=\"robots\" content=\"index, follow, max-snippet:-1, max-image-preview:large, max-video-preview:-1\" \/>\n<link rel=\"canonical\" href=\"https:\/\/www.valgo.com\/pt-pt\/rse-e-desempenho\/\" \/>\n<meta property=\"og:locale\" content=\"pt_PT\" \/>\n<meta property=\"og:type\" content=\"article\" \/>\n<meta property=\"og:title\" content=\"Responsabilidade Social Corporativa e desempenho | VALGO\" \/>\n<meta property=\"og:description\" content=\"Descubra a estrat\u00e9gia de RSC (Responsabilidade Social Corporativa) do Grupo VALGO: inova\u00e7\u00e3o, impacto ambiental, ra\u00edzes locais e compromisso sustent\u00e1vel com os colaboradores.\" \/>\n<meta property=\"og:url\" content=\"https:\/\/www.valgo.com\/pt-pt\/rse-e-desempenho\/\" \/>\n<meta property=\"og:site_name\" content=\"Valgo\" \/>\n<meta property=\"article:modified_time\" content=\"2025-12-26T14:03:43+00:00\" \/>\n<meta property=\"og:image\" content=\"https:\/\/www.valgo.com\/wp-content\/uploads\/2025\/12\/bk-rse-performance.jpg\" \/>\n\t<meta property=\"og:image:width\" content=\"1440\" \/>\n\t<meta property=\"og:image:height\" content=\"600\" \/>\n\t<meta property=\"og:image:type\" content=\"image\/jpeg\" \/>\n<meta name=\"twitter:card\" content=\"summary_large_image\" \/>\n<script type=\"application\/ld+json\" class=\"yoast-schema-graph\">{\"@context\":\"https:\/\/schema.org\",\"@graph\":[{\"@type\":\"WebPage\",\"@id\":\"https:\/\/www.valgo.com\/pt-pt\/rse-e-desempenho\/\",\"url\":\"https:\/\/www.valgo.com\/pt-pt\/rse-e-desempenho\/\",\"name\":\"Responsabilidade Social Corporativa e desempenho | VALGO\",\"isPartOf\":{\"@id\":\"https:\/\/www.valgo.com\/#website\"},\"primaryImageOfPage\":{\"@id\":\"https:\/\/www.valgo.com\/pt-pt\/rse-e-desempenho\/#primaryimage\"},\"image\":{\"@id\":\"https:\/\/www.valgo.com\/pt-pt\/rse-e-desempenho\/#primaryimage\"},\"thumbnailUrl\":\"https:\/\/www.valgo.com\/wp-content\/uploads\/2025\/12\/bk-rse-performance.jpg\",\"datePublished\":\"2025-12-26T09:52:18+00:00\",\"dateModified\":\"2025-12-26T14:03:43+00:00\",\"description\":\"Descubra a estrat\u00e9gia de RSC (Responsabilidade Social Corporativa) do Grupo VALGO: inova\u00e7\u00e3o, impacto ambiental, ra\u00edzes locais e compromisso sustent\u00e1vel com os colaboradores.\",\"breadcrumb\":{\"@id\":\"https:\/\/www.valgo.com\/pt-pt\/rse-e-desempenho\/#breadcrumb\"},\"inLanguage\":\"pt-PT\",\"potentialAction\":[{\"@type\":\"ReadAction\",\"target\":[\"https:\/\/www.valgo.com\/pt-pt\/rse-e-desempenho\/\"]}]},{\"@type\":\"ImageObject\",\"inLanguage\":\"pt-PT\",\"@id\":\"https:\/\/www.valgo.com\/pt-pt\/rse-e-desempenho\/#primaryimage\",\"url\":\"https:\/\/www.valgo.com\/wp-content\/uploads\/2025\/12\/bk-rse-performance.jpg\",\"contentUrl\":\"https:\/\/www.valgo.com\/wp-content\/uploads\/2025\/12\/bk-rse-performance.jpg\",\"width\":1440,\"height\":600,\"caption\":\"RSE et performance\"},{\"@type\":\"BreadcrumbList\",\"@id\":\"https:\/\/www.valgo.com\/pt-pt\/rse-e-desempenho\/#breadcrumb\",\"itemListElement\":[{\"@type\":\"ListItem\",\"position\":1,\"name\":\"Home\",\"item\":\"https:\/\/www.valgo.com\/pt-pt\/\"},{\"@type\":\"ListItem\",\"position\":2,\"name\":\"RSE e desempenho\"}]},{\"@type\":\"WebSite\",\"@id\":\"https:\/\/www.valgo.com\/#website\",\"url\":\"https:\/\/www.valgo.com\/\",\"name\":\"Valgo\",\"description\":\"VALGO est une entreprise fran\u00e7aise sp\u00e9cialis\u00e9e dans le d\u00e9samiantage, d\u00e9construction et d\u00e9pollution de sites industriels\",\"potentialAction\":[{\"@type\":\"SearchAction\",\"target\":{\"@type\":\"EntryPoint\",\"urlTemplate\":\"https:\/\/www.valgo.com\/?s={search_term_string}\"},\"query-input\":{\"@type\":\"PropertyValueSpecification\",\"valueRequired\":true,\"valueName\":\"search_term_string\"}}],\"inLanguage\":\"pt-PT\"}]}<\/script>\n<!-- \/ Yoast SEO plugin. -->","yoast_head_json":{"title":"Responsabilidade Social Corporativa e desempenho | VALGO","description":"Descubra a estrat\u00e9gia de RSC (Responsabilidade Social Corporativa) do Grupo VALGO: inova\u00e7\u00e3o, impacto ambiental, ra\u00edzes locais e compromisso sustent\u00e1vel com os colaboradores.","robots":{"index":"index","follow":"follow","max-snippet":"max-snippet:-1","max-image-preview":"max-image-preview:large","max-video-preview":"max-video-preview:-1"},"canonical":"https:\/\/www.valgo.com\/pt-pt\/rse-e-desempenho\/","og_locale":"pt_PT","og_type":"article","og_title":"Responsabilidade Social Corporativa e desempenho | VALGO","og_description":"Descubra a estrat\u00e9gia de RSC (Responsabilidade Social Corporativa) do Grupo VALGO: inova\u00e7\u00e3o, impacto ambiental, ra\u00edzes locais e compromisso sustent\u00e1vel com os colaboradores.","og_url":"https:\/\/www.valgo.com\/pt-pt\/rse-e-desempenho\/","og_site_name":"Valgo","article_modified_time":"2025-12-26T14:03:43+00:00","og_image":[{"width":1440,"height":600,"url":"https:\/\/www.valgo.com\/wp-content\/uploads\/2025\/12\/bk-rse-performance.jpg","type":"image\/jpeg"}],"twitter_card":"summary_large_image","schema":{"@context":"https:\/\/schema.org","@graph":[{"@type":"WebPage","@id":"https:\/\/www.valgo.com\/pt-pt\/rse-e-desempenho\/","url":"https:\/\/www.valgo.com\/pt-pt\/rse-e-desempenho\/","name":"Responsabilidade Social Corporativa e desempenho | VALGO","isPartOf":{"@id":"https:\/\/www.valgo.com\/#website"},"primaryImageOfPage":{"@id":"https:\/\/www.valgo.com\/pt-pt\/rse-e-desempenho\/#primaryimage"},"image":{"@id":"https:\/\/www.valgo.com\/pt-pt\/rse-e-desempenho\/#primaryimage"},"thumbnailUrl":"https:\/\/www.valgo.com\/wp-content\/uploads\/2025\/12\/bk-rse-performance.jpg","datePublished":"2025-12-26T09:52:18+00:00","dateModified":"2025-12-26T14:03:43+00:00","description":"Descubra a estrat\u00e9gia de RSC (Responsabilidade Social Corporativa) do Grupo VALGO: inova\u00e7\u00e3o, impacto ambiental, ra\u00edzes locais e compromisso sustent\u00e1vel com os colaboradores.","breadcrumb":{"@id":"https:\/\/www.valgo.com\/pt-pt\/rse-e-desempenho\/#breadcrumb"},"inLanguage":"pt-PT","potentialAction":[{"@type":"ReadAction","target":["https:\/\/www.valgo.com\/pt-pt\/rse-e-desempenho\/"]}]},{"@type":"ImageObject","inLanguage":"pt-PT","@id":"https:\/\/www.valgo.com\/pt-pt\/rse-e-desempenho\/#primaryimage","url":"https:\/\/www.valgo.com\/wp-content\/uploads\/2025\/12\/bk-rse-performance.jpg","contentUrl":"https:\/\/www.valgo.com\/wp-content\/uploads\/2025\/12\/bk-rse-performance.jpg","width":1440,"height":600,"caption":"RSE et performance"},{"@type":"BreadcrumbList","@id":"https:\/\/www.valgo.com\/pt-pt\/rse-e-desempenho\/#breadcrumb","itemListElement":[{"@type":"ListItem","position":1,"name":"Home","item":"https:\/\/www.valgo.com\/pt-pt\/"},{"@type":"ListItem","position":2,"name":"RSE e desempenho"}]},{"@type":"WebSite","@id":"https:\/\/www.valgo.com\/#website","url":"https:\/\/www.valgo.com\/","name":"Valgo","description":"VALGO est une entreprise fran\u00e7aise sp\u00e9cialis\u00e9e dans le d\u00e9samiantage, d\u00e9construction et d\u00e9pollution de sites industriels","potentialAction":[{"@type":"SearchAction","target":{"@type":"EntryPoint","urlTemplate":"https:\/\/www.valgo.com\/?s={search_term_string}"},"query-input":{"@type":"PropertyValueSpecification","valueRequired":true,"valueName":"search_term_string"}}],"inLanguage":"pt-PT"}]}},"_links":{"self":[{"href":"https:\/\/www.valgo.com\/pt-pt\/wp-json\/wp\/v2\/pages\/14648","targetHints":{"allow":["GET"]}}],"collection":[{"href":"https:\/\/www.valgo.com\/pt-pt\/wp-json\/wp\/v2\/pages"}],"about":[{"href":"https:\/\/www.valgo.com\/pt-pt\/wp-json\/wp\/v2\/types\/page"}],"author":[{"embeddable":true,"href":"https:\/\/www.valgo.com\/pt-pt\/wp-json\/wp\/v2\/users\/22"}],"replies":[{"embeddable":true,"href":"https:\/\/www.valgo.com\/pt-pt\/wp-json\/wp\/v2\/comments?post=14648"}],"version-history":[{"count":3,"href":"https:\/\/www.valgo.com\/pt-pt\/wp-json\/wp\/v2\/pages\/14648\/revisions"}],"predecessor-version":[{"id":14673,"href":"https:\/\/www.valgo.com\/pt-pt\/wp-json\/wp\/v2\/pages\/14648\/revisions\/14673"}],"wp:featuredmedia":[{"embeddable":true,"href":"https:\/\/www.valgo.com\/pt-pt\/wp-json\/wp\/v2\/media\/14613"}],"wp:attachment":[{"href":"https:\/\/www.valgo.com\/pt-pt\/wp-json\/wp\/v2\/media?parent=14648"}],"curies":[{"name":"wp","href":"https:\/\/api.w.org\/{rel}","templated":true}]}}