{"id":11227,"date":"2024-05-28T10:34:27","date_gmt":"2024-05-28T08:34:27","guid":{"rendered":"https:\/\/www.valgo.com\/ethics-and-compliance\/"},"modified":"2025-12-26T15:04:23","modified_gmt":"2025-12-26T14:04:23","slug":"etica-e-conformidade","status":"publish","type":"page","link":"https:\/\/www.valgo.com\/pt-pt\/etica-e-conformidade\/","title":{"rendered":"\u00c9tica e conformidade"},"content":{"rendered":"","protected":false},"excerpt":{"rendered":"","protected":false},"author":22,"featured_media":11073,"parent":0,"menu_order":0,"comment_status":"closed","ping_status":"closed","template":"tpl-ethique.php","meta":{"_acf_changed":false,"footnotes":""},"class_list":["post-11227","page","type-page","status-publish","has-post-thumbnail","hentry"],"acf":[],"yoast_head":"<!-- This site is optimized with the Yoast SEO plugin v26.6 - https:\/\/yoast.com\/wordpress\/plugins\/seo\/ -->\n<title>\u00c9tica e conformidade | VALGO<\/title>\n<meta name=\"description\" content=\"A VALGO se baseia em valores s\u00f3lidos que moldam sua cultura e orientam suas a\u00e7\u00f5es.\" \/>\n<meta name=\"robots\" content=\"index, follow, max-snippet:-1, max-image-preview:large, max-video-preview:-1\" \/>\n<link rel=\"canonical\" href=\"https:\/\/www.valgo.com\/pt-pt\/etica-e-conformidade\/\" \/>\n<meta property=\"og:locale\" content=\"pt_PT\" \/>\n<meta property=\"og:type\" content=\"article\" \/>\n<meta property=\"og:title\" content=\"\u00c9tica e conformidade | VALGO\" \/>\n<meta property=\"og:description\" content=\"A VALGO se baseia em valores s\u00f3lidos que moldam sua cultura e orientam suas a\u00e7\u00f5es.\" \/>\n<meta property=\"og:url\" content=\"https:\/\/www.valgo.com\/pt-pt\/etica-e-conformidade\/\" \/>\n<meta property=\"og:site_name\" content=\"Valgo\" \/>\n<meta property=\"article:modified_time\" content=\"2025-12-26T14:04:23+00:00\" \/>\n<meta property=\"og:image\" content=\"https:\/\/www.valgo.com\/wp-content\/uploads\/2024\/04\/ethique-et-conformite.jpg\" \/>\n\t<meta property=\"og:image:width\" content=\"1440\" \/>\n\t<meta property=\"og:image:height\" content=\"600\" \/>\n\t<meta property=\"og:image:type\" content=\"image\/jpeg\" \/>\n<meta name=\"twitter:card\" content=\"summary_large_image\" \/>\n<script type=\"application\/ld+json\" class=\"yoast-schema-graph\">{\"@context\":\"https:\/\/schema.org\",\"@graph\":[{\"@type\":\"WebPage\",\"@id\":\"https:\/\/www.valgo.com\/pt-pt\/etica-e-conformidade\/\",\"url\":\"https:\/\/www.valgo.com\/pt-pt\/etica-e-conformidade\/\",\"name\":\"\u00c9tica e conformidade | VALGO\",\"isPartOf\":{\"@id\":\"https:\/\/www.valgo.com\/#website\"},\"primaryImageOfPage\":{\"@id\":\"https:\/\/www.valgo.com\/pt-pt\/etica-e-conformidade\/#primaryimage\"},\"image\":{\"@id\":\"https:\/\/www.valgo.com\/pt-pt\/etica-e-conformidade\/#primaryimage\"},\"thumbnailUrl\":\"https:\/\/www.valgo.com\/wp-content\/uploads\/2024\/04\/ethique-et-conformite.jpg\",\"datePublished\":\"2024-05-28T08:34:27+00:00\",\"dateModified\":\"2025-12-26T14:04:23+00:00\",\"description\":\"A VALGO se baseia em valores s\u00f3lidos que moldam sua cultura e orientam suas a\u00e7\u00f5es.\",\"breadcrumb\":{\"@id\":\"https:\/\/www.valgo.com\/pt-pt\/etica-e-conformidade\/#breadcrumb\"},\"inLanguage\":\"pt-PT\",\"potentialAction\":[{\"@type\":\"ReadAction\",\"target\":[\"https:\/\/www.valgo.com\/pt-pt\/etica-e-conformidade\/\"]}]},{\"@type\":\"ImageObject\",\"inLanguage\":\"pt-PT\",\"@id\":\"https:\/\/www.valgo.com\/pt-pt\/etica-e-conformidade\/#primaryimage\",\"url\":\"https:\/\/www.valgo.com\/wp-content\/uploads\/2024\/04\/ethique-et-conformite.jpg\",\"contentUrl\":\"https:\/\/www.valgo.com\/wp-content\/uploads\/2024\/04\/ethique-et-conformite.jpg\",\"width\":1440,\"height\":600},{\"@type\":\"BreadcrumbList\",\"@id\":\"https:\/\/www.valgo.com\/pt-pt\/etica-e-conformidade\/#breadcrumb\",\"itemListElement\":[{\"@type\":\"ListItem\",\"position\":1,\"name\":\"Home\",\"item\":\"https:\/\/www.valgo.com\/pt-pt\/\"},{\"@type\":\"ListItem\",\"position\":2,\"name\":\"\u00c9tica e conformidade\"}]},{\"@type\":\"WebSite\",\"@id\":\"https:\/\/www.valgo.com\/#website\",\"url\":\"https:\/\/www.valgo.com\/\",\"name\":\"Valgo\",\"description\":\"VALGO est une entreprise fran\u00e7aise sp\u00e9cialis\u00e9e dans le d\u00e9samiantage, d\u00e9construction et d\u00e9pollution de sites industriels\",\"potentialAction\":[{\"@type\":\"SearchAction\",\"target\":{\"@type\":\"EntryPoint\",\"urlTemplate\":\"https:\/\/www.valgo.com\/?s={search_term_string}\"},\"query-input\":{\"@type\":\"PropertyValueSpecification\",\"valueRequired\":true,\"valueName\":\"search_term_string\"}}],\"inLanguage\":\"pt-PT\"}]}<\/script>\n<!-- \/ Yoast SEO plugin. -->","yoast_head_json":{"title":"\u00c9tica e conformidade | VALGO","description":"A VALGO se baseia em valores s\u00f3lidos que moldam sua cultura e orientam suas a\u00e7\u00f5es.","robots":{"index":"index","follow":"follow","max-snippet":"max-snippet:-1","max-image-preview":"max-image-preview:large","max-video-preview":"max-video-preview:-1"},"canonical":"https:\/\/www.valgo.com\/pt-pt\/etica-e-conformidade\/","og_locale":"pt_PT","og_type":"article","og_title":"\u00c9tica e conformidade | VALGO","og_description":"A VALGO se baseia em valores s\u00f3lidos que moldam sua cultura e orientam suas a\u00e7\u00f5es.","og_url":"https:\/\/www.valgo.com\/pt-pt\/etica-e-conformidade\/","og_site_name":"Valgo","article_modified_time":"2025-12-26T14:04:23+00:00","og_image":[{"width":1440,"height":600,"url":"https:\/\/www.valgo.com\/wp-content\/uploads\/2024\/04\/ethique-et-conformite.jpg","type":"image\/jpeg"}],"twitter_card":"summary_large_image","schema":{"@context":"https:\/\/schema.org","@graph":[{"@type":"WebPage","@id":"https:\/\/www.valgo.com\/pt-pt\/etica-e-conformidade\/","url":"https:\/\/www.valgo.com\/pt-pt\/etica-e-conformidade\/","name":"\u00c9tica e conformidade | VALGO","isPartOf":{"@id":"https:\/\/www.valgo.com\/#website"},"primaryImageOfPage":{"@id":"https:\/\/www.valgo.com\/pt-pt\/etica-e-conformidade\/#primaryimage"},"image":{"@id":"https:\/\/www.valgo.com\/pt-pt\/etica-e-conformidade\/#primaryimage"},"thumbnailUrl":"https:\/\/www.valgo.com\/wp-content\/uploads\/2024\/04\/ethique-et-conformite.jpg","datePublished":"2024-05-28T08:34:27+00:00","dateModified":"2025-12-26T14:04:23+00:00","description":"A VALGO se baseia em valores s\u00f3lidos que moldam sua cultura e orientam suas a\u00e7\u00f5es.","breadcrumb":{"@id":"https:\/\/www.valgo.com\/pt-pt\/etica-e-conformidade\/#breadcrumb"},"inLanguage":"pt-PT","potentialAction":[{"@type":"ReadAction","target":["https:\/\/www.valgo.com\/pt-pt\/etica-e-conformidade\/"]}]},{"@type":"ImageObject","inLanguage":"pt-PT","@id":"https:\/\/www.valgo.com\/pt-pt\/etica-e-conformidade\/#primaryimage","url":"https:\/\/www.valgo.com\/wp-content\/uploads\/2024\/04\/ethique-et-conformite.jpg","contentUrl":"https:\/\/www.valgo.com\/wp-content\/uploads\/2024\/04\/ethique-et-conformite.jpg","width":1440,"height":600},{"@type":"BreadcrumbList","@id":"https:\/\/www.valgo.com\/pt-pt\/etica-e-conformidade\/#breadcrumb","itemListElement":[{"@type":"ListItem","position":1,"name":"Home","item":"https:\/\/www.valgo.com\/pt-pt\/"},{"@type":"ListItem","position":2,"name":"\u00c9tica e conformidade"}]},{"@type":"WebSite","@id":"https:\/\/www.valgo.com\/#website","url":"https:\/\/www.valgo.com\/","name":"Valgo","description":"VALGO est une entreprise fran\u00e7aise sp\u00e9cialis\u00e9e dans le d\u00e9samiantage, d\u00e9construction et d\u00e9pollution de sites industriels","potentialAction":[{"@type":"SearchAction","target":{"@type":"EntryPoint","urlTemplate":"https:\/\/www.valgo.com\/?s={search_term_string}"},"query-input":{"@type":"PropertyValueSpecification","valueRequired":true,"valueName":"search_term_string"}}],"inLanguage":"pt-PT"}]}},"_links":{"self":[{"href":"https:\/\/www.valgo.com\/pt-pt\/wp-json\/wp\/v2\/pages\/11227","targetHints":{"allow":["GET"]}}],"collection":[{"href":"https:\/\/www.valgo.com\/pt-pt\/wp-json\/wp\/v2\/pages"}],"about":[{"href":"https:\/\/www.valgo.com\/pt-pt\/wp-json\/wp\/v2\/types\/page"}],"author":[{"embeddable":true,"href":"https:\/\/www.valgo.com\/pt-pt\/wp-json\/wp\/v2\/users\/22"}],"replies":[{"embeddable":true,"href":"https:\/\/www.valgo.com\/pt-pt\/wp-json\/wp\/v2\/comments?post=11227"}],"version-history":[{"count":9,"href":"https:\/\/www.valgo.com\/pt-pt\/wp-json\/wp\/v2\/pages\/11227\/revisions"}],"predecessor-version":[{"id":14675,"href":"https:\/\/www.valgo.com\/pt-pt\/wp-json\/wp\/v2\/pages\/11227\/revisions\/14675"}],"wp:featuredmedia":[{"embeddable":true,"href":"https:\/\/www.valgo.com\/pt-pt\/wp-json\/wp\/v2\/media\/11073"}],"wp:attachment":[{"href":"https:\/\/www.valgo.com\/pt-pt\/wp-json\/wp\/v2\/media?parent=11227"}],"curies":[{"name":"wp","href":"https:\/\/api.w.org\/{rel}","templated":true}]}}