{"id":3663,"date":"2019-03-21T11:45:33","date_gmt":"2019-03-21T10:45:33","guid":{"rendered":"https:\/\/www.valgo.com\/?page_id=3663"},"modified":"2025-12-23T10:04:30","modified_gmt":"2025-12-23T09:04:30","slug":"eliminacion-de-amianto-y-plomo","status":"publish","type":"page","link":"https:\/\/www.valgo.com\/es\/eliminacion-de-amianto-y-plomo\/","title":{"rendered":"Eliminaci\u00f3n de amianto y plomo"},"content":{"rendered":"","protected":false},"excerpt":{"rendered":"","protected":false},"author":12,"featured_media":4663,"parent":0,"menu_order":0,"comment_status":"closed","ping_status":"closed","template":"","meta":{"_acf_changed":false,"footnotes":""},"class_list":["post-3663","page","type-page","status-publish","has-post-thumbnail","hentry"],"acf":[],"yoast_head":"<!-- This site is optimized with the Yoast SEO plugin v26.6 - https:\/\/yoast.com\/wordpress\/plugins\/seo\/ -->\n<title>Experto en obras de eliminaci\u00f3n de amianto en toda Francia | VALGO<\/title>\n<meta name=\"description\" content=\"Las obras de eliminaci\u00f3n de amianto implican la intervenci\u00f3n de un experto. VALGO es uno de los principales actores con m\u00e1s de 15 de experiencia. Descubra nuestra experiencia.\" \/>\n<meta name=\"robots\" content=\"index, follow, max-snippet:-1, max-image-preview:large, max-video-preview:-1\" \/>\n<link rel=\"canonical\" href=\"https:\/\/www.valgo.com\/es\/eliminacion-de-amianto-y-plomo\/\" \/>\n<meta property=\"og:locale\" content=\"es_ES\" \/>\n<meta property=\"og:type\" content=\"article\" \/>\n<meta property=\"og:title\" content=\"Experto en obras de eliminaci\u00f3n de amianto en toda Francia | VALGO\" \/>\n<meta property=\"og:description\" content=\"Las obras de eliminaci\u00f3n de amianto implican la intervenci\u00f3n de un experto. VALGO es uno de los principales actores con m\u00e1s de 15 de experiencia. Descubra nuestra experiencia.\" \/>\n<meta property=\"og:url\" content=\"https:\/\/www.valgo.com\/es\/eliminacion-de-amianto-y-plomo\/\" \/>\n<meta property=\"article:modified_time\" content=\"2025-12-23T09:04:30+00:00\" \/>\n<meta property=\"og:image\" content=\"https:\/\/www.valgo.com\/wp-content\/uploads\/2019\/07\/page-m\u00e9tier-d\u00e9samiantage.jpg\" \/>\n\t<meta property=\"og:image:width\" content=\"3960\" \/>\n\t<meta property=\"og:image:height\" content=\"2640\" \/>\n\t<meta property=\"og:image:type\" content=\"image\/jpeg\" \/>\n<meta name=\"twitter:card\" content=\"summary_large_image\" \/>\n<script type=\"application\/ld+json\" class=\"yoast-schema-graph\">{\"@context\":\"https:\/\/schema.org\",\"@graph\":[{\"@type\":\"WebPage\",\"@id\":\"https:\/\/www.valgo.com\/es\/eliminacion-de-amianto-y-plomo\/\",\"url\":\"https:\/\/www.valgo.com\/es\/eliminacion-de-amianto-y-plomo\/\",\"name\":\"Experto en obras de eliminaci\u00f3n de amianto en toda Francia | VALGO\",\"isPartOf\":{\"@id\":\"https:\/\/www.valgo.com\/#website\"},\"primaryImageOfPage\":{\"@id\":\"https:\/\/www.valgo.com\/es\/eliminacion-de-amianto-y-plomo\/#primaryimage\"},\"image\":{\"@id\":\"https:\/\/www.valgo.com\/es\/eliminacion-de-amianto-y-plomo\/#primaryimage\"},\"thumbnailUrl\":\"https:\/\/www.valgo.com\/wp-content\/uploads\/2019\/07\/page-m\u00e9tier-d\u00e9samiantage.jpg\",\"datePublished\":\"2019-03-21T10:45:33+00:00\",\"dateModified\":\"2025-12-23T09:04:30+00:00\",\"description\":\"Las obras de eliminaci\u00f3n de amianto implican la intervenci\u00f3n de un experto. VALGO es uno de los principales actores con m\u00e1s de 15 de experiencia. Descubra nuestra experiencia.\",\"breadcrumb\":{\"@id\":\"https:\/\/www.valgo.com\/es\/eliminacion-de-amianto-y-plomo\/#breadcrumb\"},\"inLanguage\":\"es\",\"potentialAction\":[{\"@type\":\"ReadAction\",\"target\":[\"https:\/\/www.valgo.com\/es\/eliminacion-de-amianto-y-plomo\/\"]}]},{\"@type\":\"ImageObject\",\"inLanguage\":\"es\",\"@id\":\"https:\/\/www.valgo.com\/es\/eliminacion-de-amianto-y-plomo\/#primaryimage\",\"url\":\"https:\/\/www.valgo.com\/wp-content\/uploads\/2019\/07\/page-m\u00e9tier-d\u00e9samiantage.jpg\",\"contentUrl\":\"https:\/\/www.valgo.com\/wp-content\/uploads\/2019\/07\/page-m\u00e9tier-d\u00e9samiantage.jpg\",\"width\":3960,\"height\":2640,\"caption\":\"Deux op\u00e9rateurs d\u00e9samiantage VALGO en combinaison sur un chantier en cours de travaux de d\u00e9samiantage\"},{\"@type\":\"BreadcrumbList\",\"@id\":\"https:\/\/www.valgo.com\/es\/eliminacion-de-amianto-y-plomo\/#breadcrumb\",\"itemListElement\":[{\"@type\":\"ListItem\",\"position\":1,\"name\":\"Home\",\"item\":\"https:\/\/www.valgo.com\/es\/\"},{\"@type\":\"ListItem\",\"position\":2,\"name\":\"Eliminaci\u00f3n de amianto y plomo\"}]},{\"@type\":\"WebSite\",\"@id\":\"https:\/\/www.valgo.com\/#website\",\"url\":\"https:\/\/www.valgo.com\/\",\"name\":\"\",\"description\":\"\",\"potentialAction\":[{\"@type\":\"SearchAction\",\"target\":{\"@type\":\"EntryPoint\",\"urlTemplate\":\"https:\/\/www.valgo.com\/?s={search_term_string}\"},\"query-input\":{\"@type\":\"PropertyValueSpecification\",\"valueRequired\":true,\"valueName\":\"search_term_string\"}}],\"inLanguage\":\"es\"}]}<\/script>\n<!-- \/ Yoast SEO plugin. -->","yoast_head_json":{"title":"Experto en obras de eliminaci\u00f3n de amianto en toda Francia | VALGO","description":"Las obras de eliminaci\u00f3n de amianto implican la intervenci\u00f3n de un experto. VALGO es uno de los principales actores con m\u00e1s de 15 de experiencia. Descubra nuestra experiencia.","robots":{"index":"index","follow":"follow","max-snippet":"max-snippet:-1","max-image-preview":"max-image-preview:large","max-video-preview":"max-video-preview:-1"},"canonical":"https:\/\/www.valgo.com\/es\/eliminacion-de-amianto-y-plomo\/","og_locale":"es_ES","og_type":"article","og_title":"Experto en obras de eliminaci\u00f3n de amianto en toda Francia | VALGO","og_description":"Las obras de eliminaci\u00f3n de amianto implican la intervenci\u00f3n de un experto. VALGO es uno de los principales actores con m\u00e1s de 15 de experiencia. Descubra nuestra experiencia.","og_url":"https:\/\/www.valgo.com\/es\/eliminacion-de-amianto-y-plomo\/","article_modified_time":"2025-12-23T09:04:30+00:00","og_image":[{"width":3960,"height":2640,"url":"https:\/\/www.valgo.com\/wp-content\/uploads\/2019\/07\/page-m\u00e9tier-d\u00e9samiantage.jpg","type":"image\/jpeg"}],"twitter_card":"summary_large_image","schema":{"@context":"https:\/\/schema.org","@graph":[{"@type":"WebPage","@id":"https:\/\/www.valgo.com\/es\/eliminacion-de-amianto-y-plomo\/","url":"https:\/\/www.valgo.com\/es\/eliminacion-de-amianto-y-plomo\/","name":"Experto en obras de eliminaci\u00f3n de amianto en toda Francia | VALGO","isPartOf":{"@id":"https:\/\/www.valgo.com\/#website"},"primaryImageOfPage":{"@id":"https:\/\/www.valgo.com\/es\/eliminacion-de-amianto-y-plomo\/#primaryimage"},"image":{"@id":"https:\/\/www.valgo.com\/es\/eliminacion-de-amianto-y-plomo\/#primaryimage"},"thumbnailUrl":"https:\/\/www.valgo.com\/wp-content\/uploads\/2019\/07\/page-m\u00e9tier-d\u00e9samiantage.jpg","datePublished":"2019-03-21T10:45:33+00:00","dateModified":"2025-12-23T09:04:30+00:00","description":"Las obras de eliminaci\u00f3n de amianto implican la intervenci\u00f3n de un experto. VALGO es uno de los principales actores con m\u00e1s de 15 de experiencia. Descubra nuestra experiencia.","breadcrumb":{"@id":"https:\/\/www.valgo.com\/es\/eliminacion-de-amianto-y-plomo\/#breadcrumb"},"inLanguage":"es","potentialAction":[{"@type":"ReadAction","target":["https:\/\/www.valgo.com\/es\/eliminacion-de-amianto-y-plomo\/"]}]},{"@type":"ImageObject","inLanguage":"es","@id":"https:\/\/www.valgo.com\/es\/eliminacion-de-amianto-y-plomo\/#primaryimage","url":"https:\/\/www.valgo.com\/wp-content\/uploads\/2019\/07\/page-m\u00e9tier-d\u00e9samiantage.jpg","contentUrl":"https:\/\/www.valgo.com\/wp-content\/uploads\/2019\/07\/page-m\u00e9tier-d\u00e9samiantage.jpg","width":3960,"height":2640,"caption":"Deux op\u00e9rateurs d\u00e9samiantage VALGO en combinaison sur un chantier en cours de travaux de d\u00e9samiantage"},{"@type":"BreadcrumbList","@id":"https:\/\/www.valgo.com\/es\/eliminacion-de-amianto-y-plomo\/#breadcrumb","itemListElement":[{"@type":"ListItem","position":1,"name":"Home","item":"https:\/\/www.valgo.com\/es\/"},{"@type":"ListItem","position":2,"name":"Eliminaci\u00f3n de amianto y plomo"}]},{"@type":"WebSite","@id":"https:\/\/www.valgo.com\/#website","url":"https:\/\/www.valgo.com\/","name":"","description":"","potentialAction":[{"@type":"SearchAction","target":{"@type":"EntryPoint","urlTemplate":"https:\/\/www.valgo.com\/?s={search_term_string}"},"query-input":{"@type":"PropertyValueSpecification","valueRequired":true,"valueName":"search_term_string"}}],"inLanguage":"es"}]}},"_links":{"self":[{"href":"https:\/\/www.valgo.com\/es\/wp-json\/wp\/v2\/pages\/3663","targetHints":{"allow":["GET"]}}],"collection":[{"href":"https:\/\/www.valgo.com\/es\/wp-json\/wp\/v2\/pages"}],"about":[{"href":"https:\/\/www.valgo.com\/es\/wp-json\/wp\/v2\/types\/page"}],"author":[{"embeddable":true,"href":"https:\/\/www.valgo.com\/es\/wp-json\/wp\/v2\/users\/12"}],"replies":[{"embeddable":true,"href":"https:\/\/www.valgo.com\/es\/wp-json\/wp\/v2\/comments?post=3663"}],"version-history":[{"count":4,"href":"https:\/\/www.valgo.com\/es\/wp-json\/wp\/v2\/pages\/3663\/revisions"}],"predecessor-version":[{"id":14565,"href":"https:\/\/www.valgo.com\/es\/wp-json\/wp\/v2\/pages\/3663\/revisions\/14565"}],"wp:featuredmedia":[{"embeddable":true,"href":"https:\/\/www.valgo.com\/es\/wp-json\/wp\/v2\/media\/4663"}],"wp:attachment":[{"href":"https:\/\/www.valgo.com\/es\/wp-json\/wp\/v2\/media?parent=3663"}],"curies":[{"name":"wp","href":"https:\/\/api.w.org\/{rel}","templated":true}]}}