{"id":2931,"date":"2019-01-30T16:05:36","date_gmt":"2019-01-30T15:05:36","guid":{"rendered":"https:\/\/www.valgo.com\/?page_id=2931"},"modified":"2025-11-05T10:20:19","modified_gmt":"2025-11-05T09:20:19","slug":"notas-legales","status":"publish","type":"page","link":"https:\/\/www.valgo.com\/es\/notas-legales\/","title":{"rendered":"Notas Legales"},"content":{"rendered":"","protected":false},"excerpt":{"rendered":"","protected":false},"author":20,"featured_media":0,"parent":0,"menu_order":0,"comment_status":"closed","ping_status":"closed","template":"","meta":{"_acf_changed":false,"footnotes":""},"class_list":["post-2931","page","type-page","status-publish","hentry"],"acf":[],"yoast_head":"<!-- This site is optimized with the Yoast SEO plugin v26.6 - https:\/\/yoast.com\/wordpress\/plugins\/seo\/ -->\n<title>VALGO | Menciones legales<\/title>\n<meta name=\"description\" content=\"Consulte las menciones legales de la p\u00e1gina de VALGO, empresa de eliminaci\u00f3n de amianto y remediaci\u00f3n de suelos. Cont\u00e1ctenos ante cualquier duda.\" \/>\n<meta name=\"robots\" content=\"index, follow, max-snippet:-1, max-image-preview:large, max-video-preview:-1\" \/>\n<link rel=\"canonical\" href=\"https:\/\/www.valgo.com\/es\/notas-legales\/\" \/>\n<meta property=\"og:locale\" content=\"es_ES\" \/>\n<meta property=\"og:type\" content=\"article\" \/>\n<meta property=\"og:title\" content=\"VALGO | Menciones legales\" \/>\n<meta property=\"og:description\" content=\"Consulte las menciones legales de la p\u00e1gina de VALGO, empresa de eliminaci\u00f3n de amianto y remediaci\u00f3n de suelos. Cont\u00e1ctenos ante cualquier duda.\" \/>\n<meta property=\"og:url\" content=\"https:\/\/www.valgo.com\/es\/notas-legales\/\" \/>\n<meta property=\"article:modified_time\" content=\"2025-11-05T09:20:19+00:00\" \/>\n<meta name=\"twitter:card\" content=\"summary_large_image\" \/>\n<script type=\"application\/ld+json\" class=\"yoast-schema-graph\">{\"@context\":\"https:\/\/schema.org\",\"@graph\":[{\"@type\":\"WebPage\",\"@id\":\"https:\/\/www.valgo.com\/es\/notas-legales\/\",\"url\":\"https:\/\/www.valgo.com\/es\/notas-legales\/\",\"name\":\"VALGO | Menciones legales\",\"isPartOf\":{\"@id\":\"https:\/\/www.valgo.com\/#website\"},\"datePublished\":\"2019-01-30T15:05:36+00:00\",\"dateModified\":\"2025-11-05T09:20:19+00:00\",\"description\":\"Consulte las menciones legales de la p\u00e1gina de VALGO, empresa de eliminaci\u00f3n de amianto y remediaci\u00f3n de suelos. Cont\u00e1ctenos ante cualquier duda.\",\"breadcrumb\":{\"@id\":\"https:\/\/www.valgo.com\/es\/notas-legales\/#breadcrumb\"},\"inLanguage\":\"es\",\"potentialAction\":[{\"@type\":\"ReadAction\",\"target\":[\"https:\/\/www.valgo.com\/es\/notas-legales\/\"]}]},{\"@type\":\"BreadcrumbList\",\"@id\":\"https:\/\/www.valgo.com\/es\/notas-legales\/#breadcrumb\",\"itemListElement\":[{\"@type\":\"ListItem\",\"position\":1,\"name\":\"Home\",\"item\":\"https:\/\/www.valgo.com\/es\/\"},{\"@type\":\"ListItem\",\"position\":2,\"name\":\"Notas Legales\"}]},{\"@type\":\"WebSite\",\"@id\":\"https:\/\/www.valgo.com\/#website\",\"url\":\"https:\/\/www.valgo.com\/\",\"name\":\"\",\"description\":\"\",\"potentialAction\":[{\"@type\":\"SearchAction\",\"target\":{\"@type\":\"EntryPoint\",\"urlTemplate\":\"https:\/\/www.valgo.com\/?s={search_term_string}\"},\"query-input\":{\"@type\":\"PropertyValueSpecification\",\"valueRequired\":true,\"valueName\":\"search_term_string\"}}],\"inLanguage\":\"es\"}]}<\/script>\n<!-- \/ Yoast SEO plugin. -->","yoast_head_json":{"title":"VALGO | Menciones legales","description":"Consulte las menciones legales de la p\u00e1gina de VALGO, empresa de eliminaci\u00f3n de amianto y remediaci\u00f3n de suelos. Cont\u00e1ctenos ante cualquier duda.","robots":{"index":"index","follow":"follow","max-snippet":"max-snippet:-1","max-image-preview":"max-image-preview:large","max-video-preview":"max-video-preview:-1"},"canonical":"https:\/\/www.valgo.com\/es\/notas-legales\/","og_locale":"es_ES","og_type":"article","og_title":"VALGO | Menciones legales","og_description":"Consulte las menciones legales de la p\u00e1gina de VALGO, empresa de eliminaci\u00f3n de amianto y remediaci\u00f3n de suelos. Cont\u00e1ctenos ante cualquier duda.","og_url":"https:\/\/www.valgo.com\/es\/notas-legales\/","article_modified_time":"2025-11-05T09:20:19+00:00","twitter_card":"summary_large_image","schema":{"@context":"https:\/\/schema.org","@graph":[{"@type":"WebPage","@id":"https:\/\/www.valgo.com\/es\/notas-legales\/","url":"https:\/\/www.valgo.com\/es\/notas-legales\/","name":"VALGO | Menciones legales","isPartOf":{"@id":"https:\/\/www.valgo.com\/#website"},"datePublished":"2019-01-30T15:05:36+00:00","dateModified":"2025-11-05T09:20:19+00:00","description":"Consulte las menciones legales de la p\u00e1gina de VALGO, empresa de eliminaci\u00f3n de amianto y remediaci\u00f3n de suelos. Cont\u00e1ctenos ante cualquier duda.","breadcrumb":{"@id":"https:\/\/www.valgo.com\/es\/notas-legales\/#breadcrumb"},"inLanguage":"es","potentialAction":[{"@type":"ReadAction","target":["https:\/\/www.valgo.com\/es\/notas-legales\/"]}]},{"@type":"BreadcrumbList","@id":"https:\/\/www.valgo.com\/es\/notas-legales\/#breadcrumb","itemListElement":[{"@type":"ListItem","position":1,"name":"Home","item":"https:\/\/www.valgo.com\/es\/"},{"@type":"ListItem","position":2,"name":"Notas Legales"}]},{"@type":"WebSite","@id":"https:\/\/www.valgo.com\/#website","url":"https:\/\/www.valgo.com\/","name":"","description":"","potentialAction":[{"@type":"SearchAction","target":{"@type":"EntryPoint","urlTemplate":"https:\/\/www.valgo.com\/?s={search_term_string}"},"query-input":{"@type":"PropertyValueSpecification","valueRequired":true,"valueName":"search_term_string"}}],"inLanguage":"es"}]}},"_links":{"self":[{"href":"https:\/\/www.valgo.com\/es\/wp-json\/wp\/v2\/pages\/2931","targetHints":{"allow":["GET"]}}],"collection":[{"href":"https:\/\/www.valgo.com\/es\/wp-json\/wp\/v2\/pages"}],"about":[{"href":"https:\/\/www.valgo.com\/es\/wp-json\/wp\/v2\/types\/page"}],"author":[{"embeddable":true,"href":"https:\/\/www.valgo.com\/es\/wp-json\/wp\/v2\/users\/20"}],"replies":[{"embeddable":true,"href":"https:\/\/www.valgo.com\/es\/wp-json\/wp\/v2\/comments?post=2931"}],"version-history":[{"count":2,"href":"https:\/\/www.valgo.com\/es\/wp-json\/wp\/v2\/pages\/2931\/revisions"}],"predecessor-version":[{"id":14437,"href":"https:\/\/www.valgo.com\/es\/wp-json\/wp\/v2\/pages\/2931\/revisions\/14437"}],"wp:attachment":[{"href":"https:\/\/www.valgo.com\/es\/wp-json\/wp\/v2\/media?parent=2931"}],"curies":[{"name":"wp","href":"https:\/\/api.w.org\/{rel}","templated":true}]}}