{"id":2116,"date":"2019-01-08T17:21:27","date_gmt":"2019-01-08T16:21:27","guid":{"rendered":"https:\/\/www.valgo.com\/?page_id=2116"},"modified":"2025-12-23T11:36:41","modified_gmt":"2025-12-23T10:36:41","slug":"contactar","status":"publish","type":"page","link":"https:\/\/www.valgo.com\/es\/contactar\/","title":{"rendered":"Cont\u00e1ctenos"},"content":{"rendered":"","protected":false},"excerpt":{"rendered":"","protected":false},"author":20,"featured_media":0,"parent":0,"menu_order":0,"comment_status":"closed","ping_status":"closed","template":"tpl-contact.php","meta":{"_acf_changed":false,"footnotes":""},"class_list":["post-2116","page","type-page","status-publish","hentry"],"acf":[],"yoast_head":"<!-- This site is optimized with the Yoast SEO plugin v26.6 - https:\/\/yoast.com\/wordpress\/plugins\/seo\/ -->\n<title>Cont\u00e1ctenos - VALGO<\/title>\n<meta name=\"description\" content=\"No dude en ponerse en contacto con nosotros para obtener informaci\u00f3n adicional sobre la remoci\u00f3n de asbestos y la remediaci\u00f3n de suelos.\" \/>\n<meta name=\"robots\" content=\"index, follow, max-snippet:-1, max-image-preview:large, max-video-preview:-1\" \/>\n<link rel=\"canonical\" href=\"https:\/\/www.valgo.com\/es\/contactar\/\" \/>\n<meta property=\"og:locale\" content=\"es_ES\" \/>\n<meta property=\"og:type\" content=\"article\" \/>\n<meta property=\"og:title\" content=\"Cont\u00e1ctenos - VALGO\" \/>\n<meta property=\"og:description\" content=\"No dude en ponerse en contacto con nosotros para obtener informaci\u00f3n adicional sobre la remoci\u00f3n de asbestos y la remediaci\u00f3n de suelos.\" \/>\n<meta property=\"og:url\" content=\"https:\/\/www.valgo.com\/es\/contactar\/\" \/>\n<meta property=\"article:modified_time\" content=\"2025-12-23T10:36:41+00:00\" \/>\n<meta name=\"twitter:card\" content=\"summary_large_image\" \/>\n<script type=\"application\/ld+json\" class=\"yoast-schema-graph\">{\"@context\":\"https:\/\/schema.org\",\"@graph\":[{\"@type\":\"WebPage\",\"@id\":\"https:\/\/www.valgo.com\/es\/contactar\/\",\"url\":\"https:\/\/www.valgo.com\/es\/contactar\/\",\"name\":\"Cont\u00e1ctenos - VALGO\",\"isPartOf\":{\"@id\":\"https:\/\/www.valgo.com\/#website\"},\"datePublished\":\"2019-01-08T16:21:27+00:00\",\"dateModified\":\"2025-12-23T10:36:41+00:00\",\"description\":\"No dude en ponerse en contacto con nosotros para obtener informaci\u00f3n adicional sobre la remoci\u00f3n de asbestos y la remediaci\u00f3n de suelos.\",\"breadcrumb\":{\"@id\":\"https:\/\/www.valgo.com\/es\/contactar\/#breadcrumb\"},\"inLanguage\":\"es\",\"potentialAction\":[{\"@type\":\"ReadAction\",\"target\":[\"https:\/\/www.valgo.com\/es\/contactar\/\"]}]},{\"@type\":\"BreadcrumbList\",\"@id\":\"https:\/\/www.valgo.com\/es\/contactar\/#breadcrumb\",\"itemListElement\":[{\"@type\":\"ListItem\",\"position\":1,\"name\":\"Home\",\"item\":\"https:\/\/www.valgo.com\/es\/\"},{\"@type\":\"ListItem\",\"position\":2,\"name\":\"Cont\u00e1ctenos\"}]},{\"@type\":\"WebSite\",\"@id\":\"https:\/\/www.valgo.com\/#website\",\"url\":\"https:\/\/www.valgo.com\/\",\"name\":\"\",\"description\":\"\",\"potentialAction\":[{\"@type\":\"SearchAction\",\"target\":{\"@type\":\"EntryPoint\",\"urlTemplate\":\"https:\/\/www.valgo.com\/?s={search_term_string}\"},\"query-input\":{\"@type\":\"PropertyValueSpecification\",\"valueRequired\":true,\"valueName\":\"search_term_string\"}}],\"inLanguage\":\"es\"}]}<\/script>\n<!-- \/ Yoast SEO plugin. -->","yoast_head_json":{"title":"Cont\u00e1ctenos - VALGO","description":"No dude en ponerse en contacto con nosotros para obtener informaci\u00f3n adicional sobre la remoci\u00f3n de asbestos y la remediaci\u00f3n de suelos.","robots":{"index":"index","follow":"follow","max-snippet":"max-snippet:-1","max-image-preview":"max-image-preview:large","max-video-preview":"max-video-preview:-1"},"canonical":"https:\/\/www.valgo.com\/es\/contactar\/","og_locale":"es_ES","og_type":"article","og_title":"Cont\u00e1ctenos - VALGO","og_description":"No dude en ponerse en contacto con nosotros para obtener informaci\u00f3n adicional sobre la remoci\u00f3n de asbestos y la remediaci\u00f3n de suelos.","og_url":"https:\/\/www.valgo.com\/es\/contactar\/","article_modified_time":"2025-12-23T10:36:41+00:00","twitter_card":"summary_large_image","schema":{"@context":"https:\/\/schema.org","@graph":[{"@type":"WebPage","@id":"https:\/\/www.valgo.com\/es\/contactar\/","url":"https:\/\/www.valgo.com\/es\/contactar\/","name":"Cont\u00e1ctenos - VALGO","isPartOf":{"@id":"https:\/\/www.valgo.com\/#website"},"datePublished":"2019-01-08T16:21:27+00:00","dateModified":"2025-12-23T10:36:41+00:00","description":"No dude en ponerse en contacto con nosotros para obtener informaci\u00f3n adicional sobre la remoci\u00f3n de asbestos y la remediaci\u00f3n de suelos.","breadcrumb":{"@id":"https:\/\/www.valgo.com\/es\/contactar\/#breadcrumb"},"inLanguage":"es","potentialAction":[{"@type":"ReadAction","target":["https:\/\/www.valgo.com\/es\/contactar\/"]}]},{"@type":"BreadcrumbList","@id":"https:\/\/www.valgo.com\/es\/contactar\/#breadcrumb","itemListElement":[{"@type":"ListItem","position":1,"name":"Home","item":"https:\/\/www.valgo.com\/es\/"},{"@type":"ListItem","position":2,"name":"Cont\u00e1ctenos"}]},{"@type":"WebSite","@id":"https:\/\/www.valgo.com\/#website","url":"https:\/\/www.valgo.com\/","name":"","description":"","potentialAction":[{"@type":"SearchAction","target":{"@type":"EntryPoint","urlTemplate":"https:\/\/www.valgo.com\/?s={search_term_string}"},"query-input":{"@type":"PropertyValueSpecification","valueRequired":true,"valueName":"search_term_string"}}],"inLanguage":"es"}]}},"_links":{"self":[{"href":"https:\/\/www.valgo.com\/es\/wp-json\/wp\/v2\/pages\/2116","targetHints":{"allow":["GET"]}}],"collection":[{"href":"https:\/\/www.valgo.com\/es\/wp-json\/wp\/v2\/pages"}],"about":[{"href":"https:\/\/www.valgo.com\/es\/wp-json\/wp\/v2\/types\/page"}],"author":[{"embeddable":true,"href":"https:\/\/www.valgo.com\/es\/wp-json\/wp\/v2\/users\/20"}],"replies":[{"embeddable":true,"href":"https:\/\/www.valgo.com\/es\/wp-json\/wp\/v2\/comments?post=2116"}],"version-history":[{"count":10,"href":"https:\/\/www.valgo.com\/es\/wp-json\/wp\/v2\/pages\/2116\/revisions"}],"predecessor-version":[{"id":14590,"href":"https:\/\/www.valgo.com\/es\/wp-json\/wp\/v2\/pages\/2116\/revisions\/14590"}],"wp:attachment":[{"href":"https:\/\/www.valgo.com\/es\/wp-json\/wp\/v2\/media?parent=2116"}],"curies":[{"name":"wp","href":"https:\/\/api.w.org\/{rel}","templated":true}]}}